{"id":93,"date":"2016-11-03T18:46:53","date_gmt":"2016-11-03T17:46:53","guid":{"rendered":"https:\/\/geek.hr\/chat\/?page_id=93"},"modified":"2019-12-15T04:02:06","modified_gmt":"2019-12-15T03:02:06","slug":"zvrk-chat","status":"publish","type":"page","link":"https:\/\/geek.hr\/chat\/zvrk-chat\/","title":{"rendered":"Zvrk Chat"},"content":{"rendered":"\n<p>Dobrodo\u0161li na chat koji se prije zvao <strong>Zvrk Chat<\/strong> ali je potom integriran u GeeK chat.<\/p>\n\n\n\n<p>Molimo vas da po\u0161tujete pravila chata i da za vrijeme razgovora budete pristojni te nastojite <strong>ne vrije\u0111ati<\/strong> druge korisnike chata!<\/p>\n\n\n<div class=\"browser-shot alignnone\"><a href=\"https:\/\/geek.hr\/mobchat\/\" ><img decoding=\"async\" src=\"https:\/\/s0.wp.com\/mshots\/v1\/https%3A%2F%2Fgeek.hr%2Fmobchat%2F?w=1000&#038;h=600\" alt=\"Screenshot of geek.hr\" width=\"1000\" height=\"600\" class=\"alignnone\" \/><\/a><\/div>\n\n\n<p>[instagram-feed num=8 cols=4 showfollow=false]<\/p>\n","protected":false},"excerpt":{"rendered":"<p>Dobrodo\u0161li na chat koji se prije zvao Zvrk Chat ali je potom integriran u GeeK chat. Molimo vas da po\u0161tujete pravila chata i da za vrijeme razgovora budete pristojni te nastojite ne vrije\u0111ati druge korisnike chata!<\/p>\n","protected":false},"author":10022,"featured_media":0,"parent":0,"menu_order":0,"comment_status":"closed","ping_status":"closed","template":"","meta":{"footnotes":""},"class_list":["post-93","page","type-page","status-publish","hentry"],"_links":{"self":[{"href":"https:\/\/geek.hr\/chat\/wp-json\/wp\/v2\/pages\/93","targetHints":{"allow":["GET"]}}],"collection":[{"href":"https:\/\/geek.hr\/chat\/wp-json\/wp\/v2\/pages"}],"about":[{"href":"https:\/\/geek.hr\/chat\/wp-json\/wp\/v2\/types\/page"}],"author":[{"embeddable":true,"href":"https:\/\/geek.hr\/chat\/wp-json\/wp\/v2\/users\/10022"}],"replies":[{"embeddable":true,"href":"https:\/\/geek.hr\/chat\/wp-json\/wp\/v2\/comments?post=93"}],"version-history":[{"count":0,"href":"https:\/\/geek.hr\/chat\/wp-json\/wp\/v2\/pages\/93\/revisions"}],"wp:attachment":[{"href":"https:\/\/geek.hr\/chat\/wp-json\/wp\/v2\/media?parent=93"}],"curies":[{"name":"wp","href":"https:\/\/api.w.org\/{rel}","templated":true}]}}