{"id":1833,"date":"2013-09-19T15:11:36","date_gmt":"2013-09-19T15:11:36","guid":{"rendered":"http:\/\/e-kako.geek.hr\/?page_id=1833"},"modified":"2013-10-11T10:04:32","modified_gmt":"2013-10-11T10:04:32","slug":"uvjeti-koristenja","status":"publish","type":"page","link":"https:\/\/geek.hr\/e-kako\/uvjeti-koristenja\/","title":{"rendered":"Uvjeti Kori\u0161tenja"},"content":{"rendered":"<p><strong>UVJETI KORI\u0160TENJA geek.hr\/e-kako INTERNET PORTALA<\/strong><\/p>\n<p>Dobro do\u0161li na stranice e-kako.hr.<br \/>\ne-kako je kolektivna suradnja i vlasni\u0161tvo Marka Mauera, Luke Mauera, Maria Jurica i Andrijane Juric. Ova stranica se najbolje mo\u017ee pregledavati u najnovijim verzijama svih komercijalno dostupnih pretra\u017eiva\u010da.<\/p>\n<p>Svi \u010dlanci na e-kako.hr pisani su u dobroj namjeri edukacije korisnika te se e-kako.hr odri\u010de bilo kakve odgovornosti nastale upotrebom \u010dlanaka.<\/p>\n<p>Kori\u0161tenje ove internet stranice te informacije i materijali koji se na njoj nalaze su mogu\u0107i samo uz va\u0161e prihva\u0107anje Uvjeta kori\u0161tenja, Privatnosti i sli\u010dnih obavijesti koje mogu biti povremeno postavljene ili dopunjene na ovoj internet stranici (o kojima se ovdje sveukupno obra\u0107amo kao Uvjetima kori\u0161tenja). Va\u0161e kori\u0161tenje ove internet stranice ili bilo kojeg sadr\u017eaja na njoj podrazumijeva va\u0161e saznanje o i prihva\u0107anje na\u0161ih Uvjeta kori\u0161tenja. Ako se ne \u017eelite vezati tim uvjetima i postupati u pravilu sa slijede\u0107im, ne mo\u017eete koristiti ovu internet stranicu ili bilo koji njezin sadr\u017eaj.<\/p>\n<p>e-kako.hr ima sva prava, i diskreciju, mijenjati, dodavati ili ukloniti bilo koji uvjet ili odredbu ovdje sadr\u017eanu bez ikakve prethodne najave ili obavijesti. Bilo kakve promjene ovih Uvjeta kori\u0161tenja \u0107e biti odmah u\u010dinkovite nakon \u0161to su napravljene potrebne izmjene u teksu Uvjeta kori\u0161tenja na ovoj internet stranici. Najnovija verzija ovih Uvjeta kori\u0161tenja se uvijek mo\u017ee prona\u0107i na www.e-kako.hr\/uvjeti-koristenja.<\/p>\n<p>Pristajete pregledavati s vremena na vrijeme ove Uvjete kori\u0161tenja i svako va\u0161e slijede\u0107e pregledavanje ove internet stranice podrazumijeva da pristajete i na sve promjene nastale u Uvjetima kori\u0161tenja u me\u0111uvremenu. Ovi Uvjeti kori\u0161tenja su zadnji puta izmijenjeni 27.12.2010.<\/p>\n<p>Ova internet stranica je samo za informativnu upotrebu i nema namjeru davati nikakav specifican stru\u010dni ili profesionalan savjet ili uputu. Namjenjena je samo za va\u0161e osobno, nekomercijano kori\u0161tenje, i ne u svrhu prodaje, distribucije ili bilo kojeg drugog kori\u0161tenja od va\u0161e strane, ni na koji na\u010din. Osim ako je druk\u010dije napomenuto na ovoj internet stranici, mo\u017eete prikazati, skinuti sadr\u017eaj, arhivirati ili isprintati jednu kopiju odre\u0111enog sadr\u017eaja koji vas zanima, ili ako je druk\u010dije distribuirano od strane e-kako.hr, isklju\u010divo za osobnu, nekomercijalnu upotrebu.<\/p>\n<p>e-kako.hr zadr\u017eava pravo, i diskreciju, mijenjati, onemogu\u0107iti pristup, privremeno ili stalno, svima ili bilo kojem dijelu ove internet stranice ili bilo kojim informacijama koje se ovdje nalaze bez obaveze i obavijesti Vama.<\/p>\n<p>Rad ove internet stranice i svih sadr\u017eanih informacija, preuzet ili kori\u0161ten izravno s ove internet stranice, su vam ponu\u0111eni bez ikakvih garancija, uklju\u010duju\u0107i na brze garancije i one koje se mogu naslutiti vezane za trgova\u010dke sposobnosti, prikladnosti za posebne svrhe, to\u010dnosti te bez povrede prava tre\u0107e strane. e-kako.hr se odri\u010de odgovornosti za sve nastale probleme i tehni\u010dke neispravnosti kompjutorskih internet sustava, servera, davatelja pristupa internetu, kompjutorske opreme, softvera, ili bilo koje kombinacije navedenih uklju\u010duju\u0107i povrede ili \u0161tete Vama ili kompjutoru bilo koje druge osobe kao rezultat kori\u0161tenja ove internet stranice.<\/p>\n<p>Kao posjetitelj ove internet stranice, prihva\u0107ate i sla\u017eete se s tim da \u0107e va\u0161e kori\u0161tenje bilo kojih informacija dostupnih na ovoj internet stranici, kao i stranice same, biti u potpunosti na va\u0161u odgovornost.<br \/>\ne-kako.hr se u potpunosti odri\u010de svih odgovornosti za izravne, neizravne, posljedi\u010dne ili primjerne \u0161tete nastale od kori\u0161tenja ove internet stranice, \u010dak i ako je e-kako.hr bio obavije\u0161ten o mogu\u0107nostima takvih \u0161teta.<\/p>\n<p><strong>PRIVATNOST<\/strong><\/p>\n<p>e-kako.hr cijeni privatnost svojih posjetitelja. Sve ankete koje se provode na ovoj internet stranici su u potpunosti anonimne i ni na koji na\u010din ne pratimo ili uzimamo podatke od na\u0161ih korisnika i posjetitelja.<\/p>\n<p>Registracijom na e-kako.hr korisnik dobiva podatke o korisni\u010dkom ra\u010dunu \u2013 korisni\u010dko ime i lozinku.<\/p>\n<p>Korisnik je du\u017ean \u010duvati podatke o korisni\u010dkom ra\u010dunu, te je u potpunosti odgovoran za svu \u0161tetu nastalu neautoriziranim kori\u0161tenjem svog korisni\u010dkog ra\u010duna.<br \/>\nZavr\u0161etkom registracije korisnik prihva\u0107a odgovornost za sve aktivnosti uzrokovane uporabom ove internet stranice i svih usluga koje mu se pru\u017eaju.<\/p>\n<p>e-kako.hr nema pristup korisni\u010dkim lozinkama, tajnim pitanjima i odgovorima. Radi identifikacije prilikom pru\u017eanja pomo\u0107i korisnicima, e-kako.hr mo\u017ee zatra\u017eiti e-mail adresu korisnika.<\/p>\n<p><strong>POVJERLJIVOST I PRIJENOS PODATAKA PUTEM INTERNETA<\/strong><\/p>\n<p>Prijenos podataka ili informacija (uklju\u010duju\u0107i komunikaciju e-mailom) putem interneta ili drugih javno dostupnih mre\u017ea nije siguran, i subjekt je mogu\u0107eg gubitka, presretavanja ili izmjene prilikom prijenosa. Prema tome, ne pretpostavljamo niti kakvu odgovornost za bilo kakvu \u0161tetu koju mo\u017eete iskusiti ili tro\u0161kova kojima to mo\u017ee rezultirati kao posljedica prijenosa preko interneta ili drugih javno dostupnih mre\u017ea, kao \u0161to su prijenosi koji uklju\u010duju komunikaciju putem e-maila s nama (uklju\u010duju\u0107i one koji mogu sadr\u017eavati osobne podatke ili podatke o kreditnoj kartici). Potrudit \u0107emo se za\u0161tititi privatnost va\u0161ih informacija koje nam date i postupati s takvim informacijama u sukladno\u0161\u0107u s na\u0161om Privatnosti. Ni u kojem slu\u010daju \u0107e informacije koje nam date biti smatrane povjerljivima, stvoriti bilo kakve fiducijarne obaveze prema Vama s na\u0161e strane, ili rezultirati na\u0161om odgovornosti prema Vama u slu\u010daju da su takve informacije nemarno oslobo\u0111ene s na\u0161e strane ili pristupljene od tre\u0107e strane bez na\u0161eg pristanka.<\/p>\n<p><strong>OBVEZE KORISNIKA<\/strong><\/p>\n<p>Prihva\u0107ate slijediti sve primjenjive zakone i pravila kada koristite ovu stranicu. Isto tako, prihva\u0107ate da ne\u0107ete:<\/p>\n<p>1. postaviti i pisati na ovu internet stranicu sadr\u017eaj:<\/p>\n<ul>\n<li>koji je nije u skladu sa zakonom, koji je uvredljiv, prijete\u0107i, \u0161tetan, obscen, nepristojan, agresivan, pogdran ili bilo koji drugi koji je jednako nepo\u017eeljan;<\/li>\n<li>koji kr\u0161i intelektualno vlasni\u0161tvo, privatnost, prava publiciteta, i ostala vlasni\u010dka prava drugih;<\/li>\n<li>koji sadr\u017ei viruse, Trojan horses, time bombs, i ostale \u0161tetne programe ili elemente;<\/li>\n<\/ul>\n<p>2. remetiti, optere\u0107ivati ili poku\u0161ati ostvariti neautoriziran pristup bilo kojem dijelu ove internet stranice, njihovim kompjutorskim sustavima, serverima ili mre\u017eama;<\/p>\n<p>3. davati neispravne informacije o svojem identitetu, pretvarati se da ste neka druga osoba, ili na neki drugi na\u010din poku\u0161ati dovesti nas ili druge u zabludu o svome identitetu ili bilo kojem sadr\u017eaju, poruci ili drugoj komunikaciji<\/p>\n<p>4. prenositi bezvrijednu po\u0161tu, lan\u010dana pisma, ili drugu neva\u017ee\u0107u elektroni\u010dku po\u0161tu ili poruke koje se mogu duplicirati;<\/p>\n<p>5. poku\u0161ati sakupiti informacije o pojetiteljima na\u0161e internet stranice ili druk\u010dije poku\u0161ati do\u0107i do podataka, uklju\u010duju\u0107i bez ograni\u010denja informacije o kreditnim karticama ili adrese elektroni\u010dke po\u0161te<\/p>\n<p>6. prodavati pristup ili kori\u0161tenje ove internet stranice, uklju\u010duju\u0107i bilo koji njezin sadr\u017eaj, preuzet ili pristupljen izravno s internet stranice, osim uz posebno dopu\u0161tenje od strane e-kako.hr pismenim putem; i<\/p>\n<p>7. redistribuirati, bez na\u0161eg posebnog pismenog dopu\u0161tenja, bilo koji sadr\u017eaj prona\u0111en na ovoj internet stranici na bilo koji na\u010din, uklju\u010duju\u0107i tiskane publikacije, na internet stranicama, e-mailom, grupama na internetu i forumima, ili bilo kojim drugim elektroni\u010dkim ili tiskanim uslugama ili putem.<\/p>\n<p>Postavljanjem i objavljivanjem sadr\u017eaja na na\u0161oj internet stranici (uklju\u010duju\u0107i, ali se ne odnosi samo na, potporu), dajete nam, kao i na\u0161im sljedbenicima i pomo\u0107nicima, ne isklju\u010divu, \u0161irom svijeta, bez nadoknade za autorska prava, stalnu, neponi\u0161tivu dozvolu za kori\u0161tenje i distribuciju takvog sadr\u017eaja na bilo koji na\u010din, osim onog sadr\u017eanog u na\u0161oj Privatnosti. To uklju\u010duje, ali nije isklju\u010divo ograni\u010deno na, pravo reprodukcije, izmjene, stvaranja varijacija tog djela ili sadr\u017eaja.<\/p>\n<p><strong>OD\u0160TETA KORISNIKA<\/strong><\/p>\n<p>Prihva\u0107ate nadoknaditi \u0161tetu, braniti i dr\u017eati nas, kao i na\u0161e partnere i suradnike, nedu\u017enima za bilo kakav gubitak, odgovornost, \u017ealbu, zahtjev, \u0161tetu ili tro\u0161kove (uklju\u010duju\u0107i opravdane pravne tro\u0161kove) konstatirane od tre\u0107e strane koji se odnose na bilo koji na\u010din na va\u0161e kori\u0161tenje ove internet stranice ili kr\u0161enja Uvjeta kori\u0161tenja. Zadr\u017eavamo pravo pretpostaviti isklju\u010divu obranu i kontrolu za bilo \u0161to \u0161to je subjekt od\u0161tete s va\u0161e strane, \u0161to ne\u0107e opravdati va\u0161e obaveze od\u0161tete.<\/p>\n<p><strong>AUTORSKA I DRUGA INTELEKTUALNA PRAVA<\/strong><\/p>\n<p>e-kako.hr te verzije ovog naziva, kao i prate\u0107i logo te ostali indentificiraju\u0107i znakovi, su i ostati \u0107e u ekskluzivnom vlasni\u0161tu e-kako.hr. Bilo kakvo neautorizirano kori\u0161tenje ovih znakova je nezakonito. Sav sadr\u017eaj ove stranice je za\u0161ti\u0107en autorskim pravima koja su u vlasni\u0161tvu Marka Mauera, Luke Mauera, Maria Jurica i Andrijane Juric, te internacionalnim zakonom o autorskim pravima.<br \/>\nUkoliko korisnik smatra da je do\u0161lo do povrede autorskih prava na e-kako.hr, da je sadr\u017eaj reproduciran na drugim internet stranicama i sli\u010dno, molimo da nas kontaktirate putem web obrasca:<br \/>\n[contact-form][contact-field label=Va\u0161e ime: type=name required=1\/][contact-field label=Va\u0161 e-mail: type=email required=1\/][contact-field label=Tekst poruke: type=textarea required=1\/][\/contact-form]<\/p>\n","protected":false},"excerpt":{"rendered":"<p>UVJETI KORI\u0160TENJA geek.hr\/e-kako INTERNET PORTALA Dobro do\u0161li na stranice e-kako.hr. e-kako je kolektivna suradnja i vlasni\u0161tvo Marka Mauera, Luke Mauera, Maria Jurica i Andrijane Juric. Ova stranica se najbolje mo\u017ee pregledavati u najnovijim verzijama svih komercijalno dostupnih pretra\u017eiva\u010da. Svi \u010dlanci na e-kako.hr pisani su u dobroj namjeri edukacije korisnika te se e-kako.hr odri\u010de bilo kakve [&hellip;]<\/p>\n","protected":false},"author":10022,"featured_media":0,"parent":0,"menu_order":0,"comment_status":"open","ping_status":"open","template":"template-full-width.php","meta":{"footnotes":""},"class_list":["post-1833","page","type-page","status-publish","hentry"],"_links":{"self":[{"href":"https:\/\/geek.hr\/e-kako\/wp-json\/wp\/v2\/pages\/1833","targetHints":{"allow":["GET"]}}],"collection":[{"href":"https:\/\/geek.hr\/e-kako\/wp-json\/wp\/v2\/pages"}],"about":[{"href":"https:\/\/geek.hr\/e-kako\/wp-json\/wp\/v2\/types\/page"}],"author":[{"embeddable":true,"href":"https:\/\/geek.hr\/e-kako\/wp-json\/wp\/v2\/users\/10022"}],"replies":[{"embeddable":true,"href":"https:\/\/geek.hr\/e-kako\/wp-json\/wp\/v2\/comments?post=1833"}],"version-history":[{"count":0,"href":"https:\/\/geek.hr\/e-kako\/wp-json\/wp\/v2\/pages\/1833\/revisions"}],"wp:attachment":[{"href":"https:\/\/geek.hr\/e-kako\/wp-json\/wp\/v2\/media?parent=1833"}],"curies":[{"name":"wp","href":"https:\/\/api.w.org\/{rel}","templated":true}]}}