{"id":1703,"date":"2020-04-07T15:03:13","date_gmt":"2020-04-07T13:03:13","guid":{"rendered":"http:\/\/export1.mercury.is\/?page_id=67"},"modified":"2026-04-29T12:31:02","modified_gmt":"2026-04-29T10:31:02","slug":"sve-casino-slot-igre","status":"publish","type":"page","link":"https:\/\/geek.hr\/jackpot\/sve-casino-slot-igre\/","title":{"rendered":"Recenzije casino slot igara"},"content":{"rendered":"\n<p>Casino igre online, popularnog naziva slot igre ili automat igre, u dana\u0161nje su vrijeme definitivno jedan od najpopularnijih na\u010dina zabave za punoljetne osobe. Svaka slot igra sama po sebi je druk\u010dija od ostalih, a mo\u017eemo re\u0107i kako gotovo svakodnevno kreatori i oni koji su zadu\u017eeni za osmi\u0161ljavanje casino igara do\u0111u do nekog novog i privla\u010dnog naslova. Me\u0111utim, kostur casino igara kroz stolje\u0107a je ostao isti. Njega \u010dine najpopularnije igra kao \u0161to su <a href=\"https:\/\/geek.hr\/jackpot\/poker\/\">poker<\/a>, <a href=\"https:\/\/geek.hr\/jackpot\/blackjack\/\">blackjack<\/a>, <a href=\"https:\/\/geek.hr\/jackpot\/clanak\/taktike-kako-pobijediti-na-ruletu\/\">rulet<\/a> i u modernije vrijeme &#8211; slotovi, koje mo\u017eete isprobati i besplatno.<\/p>\n\n\n\n<h2 class=\"wp-block-heading\" id=\"h-povijest-casino-igara\">Povijest casino igara<\/h2>\n\n\n\n<p>Kockanje se odvijalo, u svojim raznim oblicima, stotinama, ako ne i tisu\u0107ama godina. Mo\u017eemo re\u0107i kako je ono neraskidivo povezano s povije\u0161\u0107u \u010dovje\u010danstva. Od drevne Kine gdje su otkrivene plo\u010dice sa simbolima koje su povezane uz osnovni oblik igara na sre\u0107u, preko Egipta gdje su iskopane najstarije poznate kockice. Tako\u0111er, na gr\u010dkoj i rimskoj keramici oslikani su simboli koji ukazuju da je <a href=\"https:\/\/geek.hr\/jackpot\/kladenje\/\">kla\u0111enje<\/a> na borbe \u017eivotinja bilo uobi\u010dajeno i da su se \u017eivotinje uzgajale i u tu svrhu. <\/p>\n\n\n\n<p>Zaklju\u010dak je da su ljudi oduvijek voljeli kockati. \u010cak su i poznata sveu\u010dili\u0161ta <a href=\"https:\/\/www.history.com\/news\/13-colonies-funding-lottery\" target=\"_blank\" rel=\"noreferrer noopener\">Harvard i Yale u po\u010detku bila financirana od novca koji je do\u0161ao od lutrije<\/a>, a kojeg i danas koriste. Smatra se da su se karte za igranje prvi put pojavile u Kini u 9. stolje\u0107u, iako su igre koje su se s njima igrale ostale nepoznate. Karte malo nalikuju onima koje se danas koriste, a \u010desto su bile ukra\u0161ene ljudskim oblicima. No, kako su se igre \u0161irile Europom, na njima su se po\u010deli pojavljivati kraljevi i kraljice koji su nam poznatiji.<\/p>\n\n\n\n<h2 class=\"wp-block-heading\" id=\"h-casino-igre-danas\">Casino igre danas<\/h2>\n\n\n\n<p>Casino online igre danas se igraju znatno organiziranije i sve su okupljene u tradicionalnim casinima gdje ljudi mogu do\u0107i s odre\u0111enim bud\u017eetom, igrati te oti\u0107i s dobitcima ili gubitcima, ovisno o tome jesu li bili uspje\u0161ni ili ne. Me\u0111utim, ovaj tradicionalni oblik casina tako\u0111er pomalo po\u010dinje padati u drugi plan jer su danas sve popularnije online casino igre koje se mogu prona\u0107i na Internetu i isto tako igrati online. <\/p>\n\n\n\n<h2 class=\"wp-block-heading\">Casino besplatne igre<\/h2>\n\n\n\n<p>Danas postoje \u010dak i besplatne casino igre koje se mogu isprobati bez rizika od gubitka vlastitog novca. Te besplatne casino igre slu\u017ee kao svojevrsno upoznavanje igra\u010da s naslovom prije nego \u0161to se odlu\u010di ulo\u017eiti prave novce. Naj\u010de\u0161\u0107e su besplatne casino igre bez registracije jer casino \u017eeli potencijalnim novim korisnicima omogu\u0107iti \u0161to lak\u0161e upoznavanje s njima kako bi ih dodatno motivirao da se registriraju.<\/p>\n\n\n\n<p>Gotovo svaki casino danas tako pru\u017ea svojim igra\u010dima priliku da se prvo upoznaju s igrom na taj na\u010din, a sve zna\u010dajke takve casino igre besplatne su i stoga ne\u0107e biti brige o potencijalnim gubitcima sredstava. Najpopularnije igre tog tipa su besplatne slot igre jer kada je o slotovima rije\u010d, razlikujemo doslovno tisu\u0107e igara i nemogu\u0107e je odmah u startu znati pravila svake.<\/p>\n\n\n\n<h3 class=\"wp-block-heading\">Prednosti igranja demo igara<\/h3>\n\n\n\n<h4 class=\"wp-block-heading\">1. Bez financijskog rizika<\/h4>\n\n\n\n<p>Jedna od najve\u0107ih prednosti kada su demo igre u pitanju je to \u0161to ne postoji rizik od gubitka novca. Igra\u010di mogu u\u017eivati u najpoznatijim igrama poput ruleta, blackjacka, slotova ili pokera bez potrebe za uplatom stvarnih sredstava. Ovo je idealno za po\u010detnike koji se \u017eele upoznati s pravilima i mehanikom igara.<\/p>\n\n\n\n<h4 class=\"wp-block-heading\">2. Upoznavanje s razli\u010ditim igrama<\/h4>\n\n\n\n<p>Casino igre demo verzijom omogu\u0107uju igra\u010dima da ih isprobaju onoliko koliko \u017eele. Na primjer, ako niste sigurni \u017eelite li igrati klasi\u010dni rulet, uz besplatnu verziju mo\u017eete isprobati razli\u010dite varijante poput francuskog ili ameri\u010dkog ruleta. Isto vrijedi i za slot igre, gdje se mo\u017eete upoznati s temama, mno\u017eenjima i bonus zna\u010dajkama prije nego \u0161to se odlu\u010dite za igranje s pravim novcem.<\/p>\n\n\n\n<h4 class=\"wp-block-heading\">3. Vje\u017ebanje strategija<\/h4>\n\n\n\n<p>Za igre poput blackjacka, video pokera ili baccarat, besplatne verzije omogu\u0107uju igra\u010dima da razviju strategije bez ikakvih financijskih posljedica. To je savr\u0161ena prilika za u\u010denje kako donositi optimalne odluke i pove\u0107ati svoje \u0161anse za pobjedu u stvarnom okru\u017eenju.<\/p>\n\n\n\n<h4 class=\"wp-block-heading\">4. Zabava i opu\u0161tanje<\/h4>\n\n\n\n<p>Casino demo igre nude zabavan na\u010din opu\u0161tanja. Bez pritiska uloga, igra\u010di mogu u\u017eivati u igri samo zbog zabave. Uz to, moderni slotovi \u010desto dolaze s impresivnom grafikom i tematskim zvu\u010dnim efektima, \u0161to dodatno poja\u010dava iskustvo.<\/p>\n\n\n\n<h4 class=\"wp-block-heading\">5. Dostupnost na svim ure\u0111ajima<\/h4>\n\n\n\n<p>Ve\u0107ina besplatnih casino igara dostupna je na ra\u010dunalima, pametnim telefonima i tabletima, \u0161to zna\u010di da mo\u017eete igrati kad god i gdje god \u017eelite. Uz minimalan napor, igra\u010di mogu pristupiti omiljenim igrama i u\u017eivati u neograni\u010denim vrtnjama.<\/p>\n\n\n\n<p>Demo igre casino je omogu\u0107io igra\u010dima za zabavu bez stresa i rizika. Bez obzira na to jeste li po\u010detnik koji \u017eeli nau\u010diti osnove ili iskusan igra\u010d u potrazi za opu\u0161tanjem, ove igre nude ne\u0161to za svakoga. Isprobajte razli\u010dite opcije, razvijajte strategije i u\u017eivajte u svijetu online casina \u2013 sve to besplatno i dostupno na dohvat ruke!<\/p>\n\n\n\n<h2 class=\"wp-block-heading\" id=\"h-online-casino\">Online casino<\/h2>\n\n\n\n<p>1994. godine Antigva i Barbuda donijele su <a href=\"http:\/\/www.ilo.org\/dyn\/natlex\/natlex4.detail?p_lang=en&amp;p_isn=84866&amp;p_country=ATG&amp;p_count=215\" target=\"_blank\" rel=\"noreferrer noopener\">Zakon o slobodnoj trgovini<\/a>, dopu\u0161taju\u0107i da se licence daju organizacijama koje se prijavljuju za otvaranje internetskih casina. Prije internetskih casina, prvi potpuno funkcionalan softver za kockanje razvila je softverska tvrtka Microgaming (jedna od najve\u0107ih takvih tvrtki za programiranje casino igara i automata na svijetu danas).<\/p>\n\n\n\n<p>Sigurne transakcije postale su odr\u017eive i dovele su do prvih internetskih casina 1994. godine.1996. godine osnovana je Komisija za igre na sre\u0107u Kahnawake, koja je regulirala aktivnosti internetskih igara na teritoriju Mohawk Territory of Kahnawake i izdavala licence za kazino igre na sre\u0107u mnogim svjetskim online kockarnicama i poker sobama. Ovo su, mo\u017eemo slobodno re\u0107i, rani po\u010deci online casina i nevjerojatno je koliko je te industrija posljednjih godina napredovala. <\/p>\n\n\n\n<h3 class=\"wp-block-heading\" id=\"h-ponuda\">Ponuda<\/h3>\n\n\n\n<p>Sve se manje igra\u010da danas odlu\u010duje posjetiti neki od tradicionalnih casina i \u010de\u0161\u0107e se odlu\u010duju igrati casino igrice online. U tome zaista nije ni\u0161ta \u010dudno jer gledaju\u0107i online ponudu, dolazi se do vi\u0161e razli\u010ditih zaklju\u010daka. Prvi od njih je da <a href=\"https:\/\/geek.hr\/jackpot\/casino\/\">online casina<\/a> nude znatno vi\u0161e igara i imaju bogatiju ponudu.<\/p>\n\n\n\n<p>Budu\u0107i da online casina nisu ograni\u010dena prostorom kao \u0161to je to slu\u010daj kod tradicionalnih, fizi\u010dkih casina, ne postoji ograni\u010denje koliko igara mogu ponuditi svojim igra\u010dima u datom trenutku. To \u0107e zna\u010dajno olak\u0161ati igra\u010dima da prona\u0111u igru koja im se najvi\u0161e svi\u0111a po svim kriterijima. Nerijetko danas online casina nude \u010dak i vi\u0161e od 1000 razli\u010ditih igara iz svih \u017eanrova. Stoga se mo\u017ee re\u0107i da ona casina koja nisu napravila tranziciju na online igranje ili barem pro\u0161irila svoju ponudu te igra\u010dima priu\u0161tila taj na\u010din u\u017eivanje u igranju, vjerojatno ne\u0107e mo\u0107i dr\u017eati korak s ne\u0161to modernim i naprednijim casinima.<\/p>\n\n\n\n<h3 class=\"wp-block-heading\" id=\"h-bonusi\">Bonusi<\/h3>\n\n\n\n<p>Jo\u0161 ne\u0161to \u0161to online casina danas mogu ponuditi svojim igra\u010dima, a \u0161to fizi\u010dka casina jednostavno ne mogu pratiti su <a href=\"https:\/\/geek.hr\/jackpot\/bonusi\/\">bonusi, promocije i nagrade<\/a>. Iako tradicionalna casina mogu na ovaj ili onaj na\u010din nagraditi svoje stalne igra\u010de, jednostavno ne mogu to \u010diniti tako efikasno kao \u0161to to \u010dine online casina.<\/p>\n\n\n\n<p>Online casina su ve\u0107 jako dobro istra\u017eila tr\u017ei\u0161te i prepoznala koje vrste bonusa su najprivla\u010dnije sada\u0161njim i potencijalnim novim igra\u010dima. Na vrh te liste svakako spada bonus dobrodo\u0161lice koji \u0107e uglavnom novim korisnicima ve\u0107 u samom startu priu\u0161titi veliku \u0161ansu za ostvarivanjem dobitka, a sve to uz minimalni rizik za njihova sredstva. Tako\u0111er, bonusi mogu biti poklonjeni igra\u010dima u bilo kojem trenutku, a nije rijetkost niti da \u0107e prire\u0111iva\u010di ponude u online casinima pratiti aktivnost svojih korisnika tek ih kroz razli\u010dite VIP programe nagra\u0111ivati za vjernost.<\/p>\n\n\n\n<h3 class=\"wp-block-heading\" id=\"h-pristupacnost\">Pristupa\u010dnost<\/h3>\n\n\n\n<p>Odmah u startu jasno je da je pristupiti online casinu puno lak\u0161e nego \u0161to je to slu\u010daj s fizi\u010dkim casinima. Za igranje online, sve \u0161to je potrebno igra\u010dima jest da su povezani na Internet. Na taj na\u010din mogu online casinu pristupiti koriste\u0107i svoje ra\u010dunalo, mobitel ili tablet. Casina su se stoga pobrinula da svojim korisnicima omogu\u0107e najkvalitetniju mogu\u0107u verziju svoje ponude kreiranu za kori\u0161tenje putem mobilnih ure\u0111aja. To je svojevrsna garancija kako \u0107e imati ve\u0107u posje\u0107enost jer pristupiti najdra\u017eim igrama sada se mo\u017ee u samo par sekundi. Tako\u0111er, svima \u0107e biti dostupne i besplatne casino igre za mobitel koje su jednostavnije poznate kao &#8220;demo&#8221; igre tako da se igra\u010di mogu upoznavati s njima i dok su u pokretu.<\/p>\n\n\n\n<p><strong>Najbolja casina u Hrvatskoj<\/strong><\/p>\n\n\n\n<div class='widget-card placeholder--card-fullwidth'\n     data-source-gql='https:\/\/balkans-live.stellate.sh\/'\n     data-source-widgetjs='https:\/\/widget.affprojects.com\/widget.js'\n     data-shortcode='widget-card'\n     data-shortcode-text='[widget-card limit=\"3\" mobile-limit=\"3\" vpn-notification=\"false\" listtype=\"stacked\" scrollable=\"never\" fullwidth=\"true\" hide-show-more=\"TRUE\"]'\n     data-props='{\n\"show_more_button\":false,\n\"show_more_button_text\":\"Show More Bookmakers\",\n\"show_more_text\":false,\n\"show_less_text\":false,\n\"vpn_notification\":false,\n\"show_more_items_amount\":5,\n\"widget_injection\":true,\n\"fullwidth\":true,\n\"scrollable\":\"never\",\n\"violet_bonus_text\":true,\n\"ab_testing_show_more_button_rework\":true\n}'\n     data-queries='{\n\"limit\":3,\n\"mobile_limit\":3,\n\"show_new\":1,\n\"button_text_type\":\"TOP\",\n\"show_more_items_amount\":5,\n\"project_type\":\"casino\",\n\"type\":\"TOP\",\n\"project\":\"GEEKHR\",\n\"page\":1,\n\"language\":\"hr\"\n}'\n     ><\/div>\n\n\n\n\n<h2 class=\"wp-block-heading\" id=\"h-vrste-casino-igara\">Vrste casino igara<\/h2>\n\n\n\n<p>Casino igre online mo\u017eemo podijeliti u tri ve\u0107e skupine igara. To bi bile karta\u0161ke igrice, slotovi i igre na sre\u0107u. Iako \u0107e mnogi re\u0107i kako se sve online casino igre zapravo mogu svrstati u ovu zadnju kategoriju &#8220;igre na sre\u0107u&#8221;, to je samo donekle istina. Na neke kazino igre se mo\u017ee primijeniti velika doza vje\u0161tine i znanja, dok \u0107e u nekim veliku ulogu igrati i drugi faktori kao primjerice <a href=\"https:\/\/geek.hr\/jackpot\/clanak\/sto-je-to-rtp\/\">RTP<\/a>, a o njemu \u0107emo re\u0107i ne\u0161to vi\u0161e kada do\u0111emo do slot igara. Sve u svemu, igra\u010d mo\u017ee pravom taktikom i odabirom slot igrice pobijediti \u010dak i casino.<\/p>\n\n\n\n<h3 class=\"wp-block-heading\" id=\"h-kartaske-igre\">Karta\u0161ke igre<\/h3>\n\n\n\n<p>Dvije su igre dominantne kada su u pitanju karta\u0161ke kasino igre. Njih smo spomenuli ne\u0161to ranije, a naravno, rije\u010d je o <a href=\"https:\/\/geek.hr\/jackpot\/poker\/\">pokeru<\/a> i <a href=\"https:\/\/geek.hr\/jackpot\/blackjack\/\">blackjacku<\/a>. Za njih definitivno mo\u017eemo re\u0107i da su igre vje\u0161tine \u010dak i u ve\u0107oj mjeri nego \u0161to su igre na sre\u0107u. U pokeru, primjerice, igra\u010d mo\u017ee slaviti i pobijediti svoje protivnike \u010dak i kada ima lo\u0161ije karte ako dobro barata s ulozima i sa svojim pona\u0161anjem te reakcijama.<\/p>\n\n\n\n<p>Najve\u0107i dokaz kako je za poker bitno znanje je tako\u0111er i \u010dinjenica da na velikim turnirima u toj igri jako \u010desto me\u0111u pobjednicima imamo iste igra\u010de. Kada bi bila rije\u010d tek o pukoj igri na sre\u0107u, pobjednici se ne bi iznova ponavljali, ve\u0107 bi me\u0111u tisu\u0107ama igra\u010da \u010de\u0161\u0107e imali razli\u010dite osvaja\u010de turnira. Isto vrijedi i za blackjack, iako u toj igri ne postoje turniri kao u pokeru. Me\u0111utim, postoje profesionalni igra\u010di te igre koji znaju kako pobijediti <a href=\"https:\/\/geek.hr\/jackpot\/casino\/\">casino<\/a> i u tome uspijevaju \u010de\u0161\u0107e od drugih.<\/p>\n\n\n\n<p>Karta\u0161ke igre danas ne moraju biti isklju\u010divo protiv drugih igra\u010da, ve\u0107 se mogu igrati i protiv ra\u010dunala, odnosno casina. Tako\u0111er, kao \u0161to smo ranije naveli, kasino demo igre omogu\u0107uju igranje isklju\u010divo za u\u010denje i zabavu, bez ulaganja novca. Sve ovisi o tome \u0161to pojedinac preferira, a svoju odluku \u0107e sasvim sigurno donijeti na osnovu toga smatra li da je dovoljno dobar da bi igrao protiv drugih igra\u010da ili pak jo\u0161 nije spreman za to.<\/p>\n\n\n<div class=\"wp-block-image\">\n<figure class=\"aligncenter size-large\"><img decoding=\"async\" width=\"1024\" height=\"396\" src=\"https:\/\/geek.hr\/jackpot\/wp-content\/uploads\/sites\/65\/2021\/05\/poker-casino-igre-1024x396.jpg\" alt=\"\" class=\"wp-image-3760\" srcset=\"https:\/\/geek.hr\/jackpot\/wp-content\/uploads\/sites\/65\/2021\/05\/poker-casino-igre-1024x396.jpg 1024w, https:\/\/geek.hr\/jackpot\/wp-content\/uploads\/sites\/65\/2021\/05\/poker-casino-igre-300x116.jpg 300w, https:\/\/geek.hr\/jackpot\/wp-content\/uploads\/sites\/65\/2021\/05\/poker-casino-igre-768x297.jpg 768w, https:\/\/geek.hr\/jackpot\/wp-content\/uploads\/sites\/65\/2021\/05\/poker-casino-igre-1536x594.jpg 1536w, https:\/\/geek.hr\/jackpot\/wp-content\/uploads\/sites\/65\/2021\/05\/poker-casino-igre-103x40.jpg 103w, https:\/\/geek.hr\/jackpot\/wp-content\/uploads\/sites\/65\/2021\/05\/poker-casino-igre-83x32.jpg 83w, https:\/\/geek.hr\/jackpot\/wp-content\/uploads\/sites\/65\/2021\/05\/poker-casino-igre-207x80.jpg 207w, https:\/\/geek.hr\/jackpot\/wp-content\/uploads\/sites\/65\/2021\/05\/poker-casino-igre-349x135.jpg 349w, https:\/\/geek.hr\/jackpot\/wp-content\/uploads\/sites\/65\/2021\/05\/poker-casino-igre.jpg 1920w\" sizes=\"(max-width: 1024px) 100vw, 1024px\" \/><figcaption class=\"wp-element-caption\">Poker je jedna od najstarijih casino igara<\/figcaption><\/figure>\n<\/div>\n\n\n<h3 class=\"wp-block-heading\" id=\"h-slot-igre\">Slot igre<\/h3>\n\n\n\n<p>Slot igre ili slotovi su casino online igre u kojima igra\u010d tako\u0111er mo\u017ee pobijediti casino, a to \u0107e uspjeti tako da prou\u010di samu igru koju igra. Mnogi \u0107e igru odabrati po nekim zna\u010dajkama koje u kona\u010dnici nisu bitne za stvaranje prednosti kao \u0161to su tema, simboli, glazba, izgled i sli\u010dno.<\/p>\n\n\n\n<p>Ono \u0161to jest bitno je RTP casino slot igrice. <a href=\"https:\/\/geek.hr\/jackpot\/clanak\/sto-je-to-rtp\/\">RTP<\/a> je postotak povrata ulo\u017eenog igra\u010du, a on opisuje koliko \u0107e se ulo\u017eenih sredstava, u odre\u0111enom vremenskom periodu, kroz igru isplatiti igra\u010dima. Naravno, \u0161to je RTP ve\u0107i, <a href=\"https:\/\/geek.hr\/jackpot\/clanak\/top-20-slot-igara-s-najvecim-postotkom-isplate-rtp\/\">igra \u0107e \u010de\u0161\u0107e biti dobitna<\/a>. Dio koji ovisi o sre\u0107i je igrati odre\u0111enu slot igru u pravom trenutku kada \u0107e do\u0107i do o\u010dekivanog dobitka. Naravno, da bi dugoro\u010dno bili u plusu morate znati kad je dosta i kad treba stati s igrom, a to je upravo ono \u0161to mnogi ne mogu procijeniti. <\/p>\n\n\n\n<p>Danas razlikujemo velik broj razli\u010ditih kreatora ovog tipa igara, a neke od njih u vrlo brzom roku postanu pravi hitovi. Ono \u0161to je tako\u0111er vrlo privla\u010dno jest da se slot igrice u mnogim online casinima mogu igrati samo za zabavu bez potrebe za ulaganjem pravog novca. To igra\u010dima mo\u017ee pomo\u0107i da u startu prvo nau\u010de na koji na\u010din igra funkcionira i svladaju sva njena pravila \u0161to bi moglo zna\u010diti puno kada se odlu\u010de igrati za prave novce.<\/p>\n\n\n<div class=\"wp-block-image\">\n<figure class=\"aligncenter size-large\"><img decoding=\"async\" width=\"1024\" height=\"514\" src=\"https:\/\/geek.hr\/jackpot\/wp-content\/uploads\/sites\/65\/2021\/05\/najbolje-igre-RTP-1024x514.jpg\" alt=\"Najbolje igre s najve\u0107im RTP\" class=\"wp-image-3765\" srcset=\"https:\/\/geek.hr\/jackpot\/wp-content\/uploads\/sites\/65\/2021\/05\/najbolje-igre-RTP-1024x514.jpg 1024w, https:\/\/geek.hr\/jackpot\/wp-content\/uploads\/sites\/65\/2021\/05\/najbolje-igre-RTP-300x151.jpg 300w, https:\/\/geek.hr\/jackpot\/wp-content\/uploads\/sites\/65\/2021\/05\/najbolje-igre-RTP-768x385.jpg 768w, https:\/\/geek.hr\/jackpot\/wp-content\/uploads\/sites\/65\/2021\/05\/najbolje-igre-RTP-80x40.jpg 80w, https:\/\/geek.hr\/jackpot\/wp-content\/uploads\/sites\/65\/2021\/05\/najbolje-igre-RTP-64x32.jpg 64w, https:\/\/geek.hr\/jackpot\/wp-content\/uploads\/sites\/65\/2021\/05\/najbolje-igre-RTP-159x80.jpg 159w, https:\/\/geek.hr\/jackpot\/wp-content\/uploads\/sites\/65\/2021\/05\/najbolje-igre-RTP-269x135.jpg 269w, https:\/\/geek.hr\/jackpot\/wp-content\/uploads\/sites\/65\/2021\/05\/najbolje-igre-RTP.jpg 1379w\" sizes=\"(max-width: 1024px) 100vw, 1024px\" \/><\/figure>\n<\/div>\n\n\n<h3 class=\"wp-block-heading\" id=\"h-igre-na-srecu\">Igre na sre\u0107u<\/h3>\n\n\n\n<p>Naravno, u <a href=\"https:\/\/geek.hr\/jackpot\/casino\/\">casinu<\/a> postoje i igre na sre\u0107u koje to zapravo jesu u svojoj cijelosti. Primjerice, lutrijske igre izvla\u010denja brojeva, <a href=\"https:\/\/geek.hr\/jackpot\/loto\/\">loto<\/a>, <a href=\"https:\/\/geek.hr\/jackpot\/clanak\/taktike-kako-pobijediti-na-ruletu\/\">rulet<\/a>, igre u kojima se baca kockica i sli\u010dno. One u potpunosti ovise o sre\u0107i i igra\u010d \u0107e dobiti ako mu ona bude naklonjena. <\/p>\n\n\n\n<p>Tako\u0111er, u takvim igrama ne postoji neki faktor na koji igra\u010d mo\u017ee utjecati te ga promijeniti u svoju korist jer nema apsolutno nikakav utjecaj na samo izvla\u010denje. Za primjer mo\u017eemo uzeti bingo gdje igra\u010d kupuje svoj listi\u0107 s brojevima prije po\u010detka igre i to je sve \u0161to mo\u017ee u njoj u\u010diniti. Nikako ne utje\u010de na izvla\u010denje i ostvarit \u0107e dobitak ako se brojevi koji su nasumi\u010dno izvu\u010deni budu podudarali s brojevima na njegovom listi\u0107u.<\/p>\n\n\n\n<p>Ono \u0161to danas \u010desto karakterizira ovaj tip igara je \u010dinjenica da igra\u010di mogu u\u017eivati u lutrijskim igrama i izvla\u010denjima koja se odvijaju diljem svijeta. To zna\u010di da \u0107e u gotovo svakom trenutku mo\u0107i prona\u0107i neko od izvla\u010denja koje im je privla\u010dno te \u0107e ponuda biti raspolo\u017eiva u bilo koje doba dana ili no\u0107i.<\/p>\n\n\n\n<h2 class=\"wp-block-heading\" id=\"h-cesto-postavljena-pitanja\">\u010cesto postavljena pitanja<\/h2>\n\n\n\n<p>Casino igre uglavnom su jednostavne, no ponekad imaju neke zna\u010dajke koje je te\u0161ko shvatiti. Kada je tako, definitivno ne \u017eelite igrati sa svojim sredstvima znaju\u0107i da ih ula\u017eete u ne\u0161to \u0161to ne znate kako funkcionira. Mogu\u0107e je da stoga imate neka pitanja vezana uz casino igre, a mi \u0107emo odgovoriti na naj\u010de\u0161\u0107a.<\/p>\n\n\n<div id=\"rank-math-faq\" class=\"rank-math-block\">\n<div class=\"rank-math-list \">\n<div id=\"faq-question-63484a0eaafb4\" class=\"rank-math-list-item\">\n<h3 class=\"rank-math-question \">\u0160to zna\u010di RTP u casino igrama?<\/h3>\n<div class=\"rank-math-answer \">\n\n<p>RTP je akronim engleskog izraza &#8220;Return To Player&#8221;, a ozna\u010dava postotak povratka ulo\u017eenih sredstava igra\u010du. On govori koliko bi se sredstava, primjerice, u casino slot igri u teoriji moglo vratiti igra\u010du nakon odre\u0111enog broja vrtnji. RTP tako nikada ne\u0107e biti 100%, ali njegov bi iznos za slot igre trebao biti negdje u granicama od 93% do 97%. Iskusnijim igra\u010dima RTP je i glavni kriterij pri odabiru koju casino igru igrati jer \u0161to je on ve\u0107i, ve\u0107i je i teoretski povrat sredstava koje su izvrtjeli u odre\u0111enoj igri.<\/p>\n\n<\/div>\n<\/div>\n<div id=\"faq-question-63484a0eaafba\" class=\"rank-math-list-item\">\n<h3 class=\"rank-math-question \">Postoji li igra u kojoj imam jednake ili ve\u0107e \u0161anse za dobitkom od casina?<\/h3>\n<div class=\"rank-math-answer \">\n\n<p>Na\u017ealost, ne postoji. Kako bi casino bilje\u017eio konstantni profit od igra\u010da, mora imati ve\u0107e \u0161anse za dobitkom u svojim igrama od njih. No, neke igre dozvoljavaju igra\u010dima da uz primjenu znanja, vje\u0161tine i osje\u0107aja pove\u0107aju svoje \u0161anse za dobitkom. Takve igre \u010de\u0161\u0107e biraju ne\u0161to iskusniji igra\u010di, dok \u0107e oni koji su \u017eelji samo zabave birati igre po nekim drugim kriterijima.<\/p>\n\n<\/div>\n<\/div>\n<div id=\"faq-question-63484a0eaafbb\" class=\"rank-math-list-item\">\n<h3 class=\"rank-math-question \">Za\u0161to iste igre postoje u razli\u010ditim casinima?<\/h3>\n<div class=\"rank-math-answer \">\n\n<p>Svaki casino je u funkciji samo za sebe. Da, mogu\u0107e je velik broj istih igara na\u0107i na razli\u010ditim mjestima, a one \u0107e za samo igranje biti identi\u010dne. Mnoga su casina prepoznala njihov potencijal i popularnost te su ih uvrstila u svoju ponudu, a na igra\u010dima je odluka u kojem \u0107e casinu igrati te igre tako \u0161to \u0107e sagledati \u0161iru sliku. Pod \u0161irom slikom mislimo na to koliko im se svi\u0111aju ostale zna\u010dajke koje online casino nudi kao bonusi, metode uplate i isplate i sli\u010dno.<\/p>\n\n<\/div>\n<\/div>\n<div id=\"faq-question-63484a0eaafbc\" class=\"rank-math-list-item\">\n<h3 class=\"rank-math-question \">Mogu li isprobati igru prije nego je zaigram za stvarni novac?<\/h3>\n<div class=\"rank-math-answer \">\n\n<p>Svaki casino svojim igra\u010dima nudi opciju igranja neke igre bez potrebe za ulaganjem stvarnog novca kako bi je igra\u010di upoznali, zajedno s njezinim zna\u010dajkama. Ne bi imalo previ\u0161e smisla da igra\u010di moraju u\u010diti o igri na na\u010din da moraju ulagati svoja sredstva u tom procesu. Zato svatko od njih mo\u017ee igrati casino igre besplatno izmi\u0161ljenim sredstvima te ako se igra\u010du svidi igra, tada se mo\u017ee odlu\u010diti igrati je za stvarne novce. Mogu\u0107nost igranja casino igre za zabavu i u\u010denje je jako popularna zna\u010dajka jer se na taj na\u010din igra\u010di mogu upoznati s igrom prije nego \u0161to odlu\u010de ulo\u017eiti prava sredstva.<\/p>\n\n<\/div>\n<\/div>\n<div id=\"faq-question-63484a0eaafbd\" class=\"rank-math-list-item\">\n<h3 class=\"rank-math-question \">Po kojim zna\u010dajkama odabrati idealnu casino igru za sebe?<\/h3>\n<div class=\"rank-math-answer \">\n\n<p>Casino igre imaju razne zna\u010dajke, a za svakoga \u0107e ne\u0161to drugo biti najbitnije. Za neke je to izgled, za druge isplativost itd. Prvo morate odrediti \u017eelite li igrati iz puke zabave ili \u017eelite osvojiti neki dobitak. Ako je zabava u pitanju, birajte igru koja ima puno dodatnih zna\u010dajki i privla\u010dnu tematiku. Ako je dobitak ono \u0161to ciljate, istra\u017eite koliki postotak povratka ulo\u017eenih sredstava ima svaka od njih te odaberite onu koja je najprivla\u010dnija po toj zna\u010dajki.<\/p>\n\n<\/div>\n<\/div>\n<\/div>\n<\/div>","protected":false},"excerpt":{"rendered":"<p>Casino igre online, popularnog naziva slot igre ili automat igre, u dana\u0161nje su vrijeme definitivno jedan od najpopularnijih na\u010dina zabave za punoljetne osobe. Svaka slot igra sama po sebi je druk\u010dija od ostalih, a mo\u017eemo re\u0107i kako gotovo svakodnevno kreatori i oni koji su zadu\u017eeni za osmi\u0161ljavanje casino igara do\u0111u do nekog novog i privla\u010dnog [&hellip;]<\/p>\n","protected":false},"author":2894,"featured_media":3752,"parent":0,"menu_order":0,"comment_status":"closed","ping_status":"closed","template":"page-game-archive-style-1.php","meta":{"_lmt_disableupdate":"no","_lmt_disable":"","footnotes":""},"class_list":["post-1703","page","type-page","status-publish","has-post-thumbnail","hentry"],"_links":{"self":[{"href":"https:\/\/geek.hr\/jackpot\/wp-json\/wp\/v2\/pages\/1703","targetHints":{"allow":["GET"]}}],"collection":[{"href":"https:\/\/geek.hr\/jackpot\/wp-json\/wp\/v2\/pages"}],"about":[{"href":"https:\/\/geek.hr\/jackpot\/wp-json\/wp\/v2\/types\/page"}],"author":[{"embeddable":true,"href":"https:\/\/geek.hr\/jackpot\/wp-json\/wp\/v2\/users\/2894"}],"replies":[{"embeddable":true,"href":"https:\/\/geek.hr\/jackpot\/wp-json\/wp\/v2\/comments?post=1703"}],"version-history":[{"count":9,"href":"https:\/\/geek.hr\/jackpot\/wp-json\/wp\/v2\/pages\/1703\/revisions"}],"predecessor-version":[{"id":19003,"href":"https:\/\/geek.hr\/jackpot\/wp-json\/wp\/v2\/pages\/1703\/revisions\/19003"}],"wp:featuredmedia":[{"embeddable":true,"href":"https:\/\/geek.hr\/jackpot\/wp-json\/wp\/v2\/media\/3752"}],"wp:attachment":[{"href":"https:\/\/geek.hr\/jackpot\/wp-json\/wp\/v2\/media?parent=1703"}],"curies":[{"name":"wp","href":"https:\/\/api.w.org\/{rel}","templated":true}]}}